{"id":13,"date":"2022-03-30T21:36:55","date_gmt":"2022-03-30T21:36:55","guid":{"rendered":"http:\/\/lucas.stephenbstarrdesign.info\/?page_id=13"},"modified":"2022-11-03T20:28:07","modified_gmt":"2022-11-03T20:28:07","slug":"faqs","status":"publish","type":"page","link":"https:\/\/lucas.stephenbstarrdesign.info\/es\/faqs\/","title":{"rendered":"preguntas frecuentes"},"content":{"rendered":"<h2>\n\t\tPREGUNTAS FRECUENTES\n\t<\/h2>\n\t<h4><strong>Q: What are &#8220;Cool Roof Coatings&#8221;?<\/strong><\/h4>\n<p><strong>A:<\/strong> Por favor refi\u00e9rase a esto\u00a0<a href=\"http:\/\/rmlucas.com\/wp-content\/uploads\/2014\/05\/WhiteRoofBenefits-1.pdf\" target=\"_blank\" rel=\"noopener\">gu\u00eda<\/a>.<\/p>\n<h4>P: \u00bfPor qu\u00e9 elegir los revestimientos para techos de Lucas?<\/h4>\n<p><strong>A:<\/strong> Por favor refi\u00e9rase a esto\u00a0<a href=\"http:\/\/rmlucas.com\/wp-content\/uploads\/2014\/05\/WhyUseLucas.pdf\" target=\"_blank\" rel=\"noopener\">gu\u00eda<\/a>.<\/p>\n<h4>P: \u00bfCu\u00e1les son las recomendaciones de aplicaci\u00f3n por aspersi\u00f3n de Lucas Coatings?<\/h4>\n<p><strong>A:<\/strong> Por favor refi\u00e9rase a esto\u00a0<a href=\"http:\/\/rmlucas.com\/wp-content\/uploads\/2014\/05\/Spray1.pdf\" target=\"_blank\" rel=\"noopener\">gu\u00eda.<\/a><\/p>\n<h4>P: \u00bfCu\u00e1les son mejores, los recubrimientos elastom\u00e9ricos de curado por humedad, a base de agua o solventes?<\/h4>\n<p><strong>A:<\/strong> Los recubrimientos de curado por humedad, a base de agua y solventes tienen sus ventajas.<\/p>\n<p>Solvent based tend to be more waterproof, can be used in colder weather, won&#8217;t freeze, are less affected by humidity and rain after application and will adhere to certain surfaces, such as TPO, that water-based coatings often will not.<\/p>\n<p>Water based coatings are lower odor, are &#8220;breathable&#8221; so are more suitable for masonry, are less prone to &#8220;bleed through&#8221; or discoloration when applied over asphalt and are generally easier to spray as they don&#8217;t change viscosity significantly at different temperatures<\/p>\n<p>Los recubrimientos de curado por humedad permiten s\u00f3lidos de hasta 1001 TP2T, por lo que el espesor de la pel\u00edcula por volumen aplicado es mayor. Generalmente son de bajo olor y bajo VOC. Las ventajas y desventajas son una vida \u00fatil m\u00e1s corta y una adhesi\u00f3n limitada a algunas superficies, incluidos TPO y asfalto que requieren imprimaciones. Si bien no se congelar\u00e1n, los revestimientos de curado por humedad no se curar\u00e1n normalmente cuando las temperaturas est\u00e1n por debajo del punto de congelaci\u00f3n y hay poca humedad libre en el aire.<\/p>\n<h4>P: \u00bfQu\u00e9 es el punto de roc\u00edo y por qu\u00e9 es importante?<\/h4>\n<p><strong>A:<\/strong> El punto de roc\u00edo es el punto en el que la humedad del aire se condensa en agua l\u00edquida. Muchos revestimientos de Lucas requieren una superficie seca. Las superficies pueden parecer secas, pero la humedad se condensar\u00e1 a medida que se aplique el revestimiento porque la aplicaci\u00f3n del revestimiento a menudo bajar\u00e1 la temperatura de la superficie del techo en el punto de aplicaci\u00f3n, lo que provocar\u00e1 que las gotas de agua l\u00edquida queden atrapadas debajo o encapsuladas en el revestimiento. Consulte esta tabla para obtener m\u00e1s informaci\u00f3n:<\/p>\n<p><a href=\"http:\/\/rmlucas.com\/wp-content\/uploads\/2014\/03\/DewPoint.pdf\" target=\"_blank\" rel=\"noopener\">Gr\u00e1fico de punto de roc\u00edo<\/a>.<\/p>\n<p>O para una determinaci\u00f3n m\u00e1s espec\u00edfica use esta calculadora gratuita:\u00a0<a href=\"http:\/\/einstein.atmos.colostate.edu\/~mcnoldy\/Humidity.html\" target=\"_blank\" rel=\"noopener\">http:\/\/einstein.atmos.colostate.edu\/~mcnoldy\/Humidity.html<\/a><\/p>\n<h4>P: \u00bfQu\u00e9 son la reflectividad y la emisividad y por qu\u00e9 son importantes?<\/h4>\n<p><strong>A:<\/strong> La reflectividad es el porcentaje de energ\u00eda solar reflejada por el revestimiento de regreso a la atm\u00f3sfera. La energ\u00eda restante que se absorbe aumenta la temperatura de la superficie del techo. Una mayor reflectividad da como resultado una menor energ\u00eda absorbida, lo que da como resultado una menor ganancia de calor potencial.<\/p>\n<p>La emisividad es una medida de la capacidad de los recubrimientos para emitir energ\u00eda solar absorbida como radiaci\u00f3n infrarroja. una mayor emisividad generalmente dar\u00e1 como resultado una superficie m\u00e1s fr\u00eda para dos materiales con la misma reflectividad. La relaci\u00f3n entre la emisividad y la temperatura del techo se complica por factores como la conductividad de la superficie del techo y la velocidad del viento que permitir\u00e1n que algunas superficies de menor emisividad arrojen energ\u00eda t\u00e9rmica de manera m\u00e1s eficiente.<\/p>\n<h4>P: \u00bfQu\u00e9 tipo de recubrimiento es m\u00e1s eficiente energ\u00e9ticamente, el negro, el aluminio o el blanco?<\/h4>\n<p><strong>A:<\/strong> La respuesta depende del clima y del porcentaje de energ\u00eda utilizada para calentar y enfriar una estructura. En climas c\u00e1lidos, el blanco es m\u00e1s eficiente, en climas templados, los recubrimientos de aluminio con alta reflectividad y menor emisividad brindan el mejor resultado. En las regiones del extremo norte, los techos de colores oscuros ahorrar\u00e1n la mayor cantidad de energ\u00eda ya que el aire acondicionado es poco com\u00fan.<\/p>\n<h4>Q: What&#8217;s the difference between asphalt and coal tar?<\/h4>\n<p><strong>A:<\/strong> Asphalt is derived from crude petroleum. It&#8217;s an aliphatic or &#8216;straight-chain&#8217; hydrocarbon resin. Coal tar is derived from the destructive distillation or coal. It is an aromatic &#8216;ring shaped&#8217; hydrocarbon resin. The two are different and generally incompatible. Asphalt is normally lower in cost, can be used on pitched roofs to vertical, has fair resistance to UV degradation and can be left bare or surfaced in a variety of manners, but it has poor resistance to &#8216;ponding&#8217; water. Coal Tar can only be used on near to dead level roofs and has poor resistance to UV degradation so it must always be surfaced with a layer of gravel, pavers or vegetation. Coal tar has good resistance to ponding water and exhibits &#8216;cold flow&#8217; or &#8216;self-healing&#8217; characteristics.<\/p>\n<h4>P: \u00bfC\u00f3mo noto la diferencia?<\/h4>\n<p><strong>A:<\/strong> There are a number of indications as to the type of built up roof. The first is that coal tar is always surfaced with gravel, pavers or vegetation. If it,s bare, coated or surfaced with sprayed in granules, it&#8217;s asphalt. If it is a gravel roof the simplest method to determine the type of roof is to wipe the roof with a clean rag soaked in mineral spirits paint thinner. Mineral spirits is an aliphatic solvent and is only capable of dissolving asphalt, which is aliphatic as well. Asphalt roofs will leave a black or dark brown residue on the cloth while coal tar will leave a yellow or slightly green residue. Several passes with a clean cloth may be necessary if the roof is dirty.<\/p>\n<h4>P: \u00bfQu\u00e9 permite que los cementos para techos de superficie h\u00fameda se adhieran a las superficies h\u00famedas o debajo del agua?<\/h4>\n<p><strong>A:<\/strong> An oil soluble &#8216;surfactant&#8217; or soap is added to the mastic. The surfactant lowers the surface tension of the mastic and allow the moisture present on the roof to be displaced. Pressure will be necessary to aid in adhesion of the mastic to wet surfaces. These surfactants also promote penetration of, and adhesion to, polyester reinforcing fabrics.<\/p>\n<h4>Q: Aren&#8217;t all asphalt roof cements the same?<\/h4>\n<p><strong>A:<\/strong> No, algunos fabricantes agregan grandes cantidades de relleno, fueloil recuperado (generalmente catalogado como destilado de petr\u00f3leo) \u00a1e incluso hasta 20% de agua! Los rellenos no solo aumentan el peso total del material, sino que tambi\u00e9n pueden reducir el rendimiento a largo plazo. Algunos cementos para techos disponibles comercialmente pesan m\u00e1s de 12 libras. por gal\u00f3n (60 libras por balde de 5 galones). En contraste, los cementos para techos Lucas pesan de 8.3 a 8.5 lbs. por gal\u00f3n (42 a 45 libras por balde de 5 galones).<\/p>\n<h4>Q: What&#8217;s the difference between Lucas &#8216;Standard Grade&#8217; and &#8216;Premium Grade&#8217; cements and coatings?<\/h4>\n<p><strong>A:<\/strong> Lucas Premium Grade roof cements and coatings are manufactured from higher softening point asphalts which causes them to cure faster, age more slowly, and resist oxididative cracking or &#8216;alligatoring&#8217;. Lucas Premium roof coatings can take roof traffic sooner and Lucas Premium roof cements will adhere to vertical surfaces without sagging, even when hot mopped. Lastly, Lucas Premium roof cements contain no unnecessary fillers like limestone dust (calcium carbonate), kaolin clay or slate flour. These fillers not only increase the sheer weight of the material but can also reduce long term performance.<\/p>\n<h4>P: \u00bfC\u00f3mo debo evaluar la calidad relativa de los diferentes revestimientos de aluminio para techos?<\/h4>\n<p><strong>A:<\/strong> Unfortunately there is no clear standard beyond the minimum requirements of ASTM D-2824, which all Lucas Aluminum Coatings meet. The reputation of the manufacturer is paramount. The simplest method to sort out aluminum coating is by aluminum pigment content. Some people object to this standard by claiming that a coating with 2 lbs. of ground up aluminum cans would rate the same as a coating with 2 lbs. Of high quality leafing aluminum paste. For this reason we recommend that users ensure that, when aluminum coatings are graded by pigment weight, the aluminum paste is quoted as meeting ASTM D-962 type 2 &#8211; Specification for Aluminum Powder and Paste Pigments for Paints. Another excellent source of information is the EPA&#8217;s Energy Star Program which lists reflectivity values of various roofing materials.<\/p>\n<h4>P: \u00bfCu\u00e1ndo se debe aplicar el recubrimiento de techo de aluminio a un nuevo techo de asfalto o bet\u00fan modificado? \u00bfTan pronto como sea posible o despu\u00e9s de que el techo se haya curado?<\/h4>\n<p><strong>A:<\/strong> El mejor momento para aplicar el revestimiento de techo de aluminio a un techo reci\u00e9n construido es despu\u00e9s de que el techo se haya curado por completo. Esto llevar\u00e1 al menos 6 semanas. La aplicaci\u00f3n de revestimiento de techo de aluminio al asfalto sin curar probablemente dar\u00e1 como resultado una fuga de azufre y aceite y, a veces, grietas o grietas graves.<\/p>\n<p>El bet\u00fan modificado con SBS se debe recubrir tan pronto como sea posible.<\/p>\n<p>APP modified bitumen is the most challenging roof to coat with aluminum roof coating. Applying the coating immediately will reduce &#8216;exudation&#8217; or bleed through, but it will not be eliminated, expect temporary discoloration. Waiting until the membrane has cured will allow most of the exudate to bleed out. If the roof has positive drainage the exudate will wash off the roof and the modified bitumen will present a clean and stable substrate. Roofs with &#8216;bird baths&#8217; may retain exuded oil and sulfur compounds in low areas. This retained contamination will interfere with adhesion, discolor the coating and can cause the coating to crack. This contamination should be removed with a suitable power washer and detergent. It is the prerogative of the roofing contractor to examine the conditions present on a particular roof and choose the appropriate action. If there is any doubt please contact our technical personnel.<\/p>\n<h4>Q: Are all &#8216;rubberized&#8217; roof cements &#8216;elastomeric&#8217;?<\/h4>\n<p><strong>A:<\/strong> Not necessarily. Rubberized means that &#8216;rubber&#8217; has been added to the mix. Elastomeric implies that the material has the rubber like properties of elongation and recovery. Some &#8216;rubbers&#8217; such as butyl, neoprene and SBR will not impart elastomeric qualities on an asphalt mixture. &#8216;Rubbers&#8217; such as SBS and SEBS will, but only if added in sufficient quantities to an asphalt that is suitable and not overly corrupted with economizing fillers.<\/p>\n<h4>Q: What is the difference between &#8216;waterproofing&#8217; and &#8216;damproofing&#8217;?<\/h4>\n<p><strong>A:<\/strong> La impermeabilizaci\u00f3n resistir\u00e1 la penetraci\u00f3n de humedad a trav\u00e9s de un cimiento hacia el interior en condiciones normales. La impermeabilizaci\u00f3n har\u00e1 lo mismo incluso en presencia de presi\u00f3n hidrost\u00e1tica.<\/p>\n<h4>P: \u00bfCu\u00e1les son las ventajas y desventajas de aplicar recubrimientos con brocha, rodillo y rociador?<\/h4>\n<p><strong>A:<\/strong> Brush application allows the coating to be &#8216;worked in&#8217; to the surface. This will ensure an adequate bond, particularly if the surface is less than ideally clean and smooth. Brush application is the most time consuming method and will often result in visible brush marks.<\/p>\n<p>Los rodillos son m\u00e1s r\u00e1pidos que las brochas y todav\u00eda permiten una medida de asistencia mec\u00e1nica en la adhesi\u00f3n a la superficie. Los rodillos tambi\u00e9n eliminan las marcas de pincel, pero a\u00fan pueden dejar una superficie texturizada. Los aplicadores deben saber que los rodillos reducir\u00e1n la tasa natural de cobertura por debajo de lo recomendado.<\/p>\n<p>Spray application is the fastest method of coatings application and generally leaves the smoothest surface. Total lack of mechanical assistance in adhesion, difficulty in assessing coverage rates and the danger of &#8216;over-spray&#8217; limit the suitability spray applications.<\/p>\n<h4>P: \u00bfCu\u00e1l es la diferencia entre silanos, siloxanos y silicona?<\/h4>\n<p><strong>A:<\/strong> All three are silicon based molecules that have masonry waterproofing applications. Silanes are monomers, the smallest and most simple of the three molecules. Silanes are best suited for dense surfaces like concrete and cultured stone. High concentrations of about 40% are necessary because of silane&#8217;s volatility.<\/p>\n<p>Los olig\u00f3meros de siloxanos son mol\u00e9culas m\u00e1s grandes y complejas que los silanos. En concentraciones m\u00e1s bajas, brindan una excelente protecci\u00f3n contra la humedad en superficies m\u00e1s porosas, como bloques de concreto de cara partida. Los siloxanos se pueden mezclar con silanos para producir un tratamiento con las ventajas de ambos materiales.<\/p>\n<p>Silicone polymers are large functional molecules that are used in caulks and sealants. Silicones can be useful for protecting porous natural stone that has a neutral ph. For concrete and masonry applications, silanes and siloxanes penetrate farther and preserve the surface&#8217;s original appearance.<\/p>\n<h4>P: \u00bfQu\u00e9 tipo de aislamiento es adecuado para paredes de cimientos por debajo del nivel del suelo?<\/h4>\n<p><strong>A:<\/strong> El poliestireno extruido y la fibra de vidrio r\u00edgida son los dos tipos de aislamiento m\u00e1s adecuados. El poliestireno es econ\u00f3mico y ampliamente disponible. Sin embargo, el poliestireno no permite que el agua drene hacia el desag\u00fce, es incompatible con los sistemas a base de solventes y no se recomienda su uso en \u00e1reas donde se encuentran termitas porque proporciona una ruta protegida desde la tierra hasta la estructura de madera.<\/p>\n<p>La fibra de vidrio r\u00edgida es el tipo de aislamiento m\u00e1s adecuado para cimientos subterr\u00e1neos. Es resistente a la descomposici\u00f3n, no alberga plagas y arroja agua de manera eficiente a la loseta de desag\u00fce.<\/p>\n<h4>P: \u00bfSe requiere un informe de evaluaci\u00f3n ICC para la impermeabilizaci\u00f3n con asfalto modificado con pol\u00edmeros?<\/h4>\n<p><strong>A:<\/strong> No, a research report is not required for polymer modified asphalt waterproofing provided it is applied at a minimum thickness of 40 dry mils. 40 mils of polymer modified asphalt is an ICC &#8220;approved method&#8221; for complying with IRC 406.2. Only unapproved methods require a research report.<\/p>\n<h4>Q: What is the difference between a &#8220;masonry paint&#8221; and a &#8220;waterproof masonry coating&#8221;?<\/h4>\n<p><strong>A:<\/strong> Masonry &#8220;paints&#8221; are intended as decorative finishes for masonry walls. Waterproof masonry coatings are performance coating systems that offer breathable moisture protection and crack bridging abilities in addition to decoration.<\/p>\n\t<p><strong>NUESTRAS UBICACIONES<\/strong><\/p>\n<b>Planta Alsip y Oficina Corporativa:<br \/>\n<\/b>12400 S. Laramie Ave<br \/>\nAlsip, IL 60803\u00a0\n<b>\u00a0<\/b><b>Planta de Chicago:<br \/>\n<\/b>3211 S. Madera St.<br \/>\nChicago, IL 60608\u00a0\n\t<p>&nbsp;<\/p>\n<b>Planta Orlando:<br \/>\n<\/b>10101 general dr.<br \/>\nOrlando, FL 32824\u00a0\n<b>Planta F\u00e9nix:<br \/>\n<\/b>44 N. 45th Ave.<br \/>\nPhoenix, Arizona 85043\u00a0\n\n\t<p>&nbsp;<\/p>\n<b>Oficina General:<br \/>\n<\/b>773-523-4300\u00a0\n<b>Fax general:<br \/>\n<\/b>773-523-3290\u00a0","protected":false},"excerpt":{"rendered":"<p>FREQUENTLY ASKED QUESTIONS Q: What are &#8220;Cool Roof Coatings&#8221;? A: Please refer to this\u00a0guide. Q: Why choose Lucas roof coatings? A: Please refer to this\u00a0guide. Q: What are the spray application recommendations for Lucas Coatings? A: Please refer to this\u00a0guide. Q: Which are better, solvent, water-based or moisture cure elastomeric coatings? A: Solvent, water-based and&hellip;<\/p>","protected":false},"author":1,"featured_media":0,"parent":0,"menu_order":0,"comment_status":"closed","ping_status":"closed","template":"","meta":{"_acf_changed":false,"inline_featured_image":false,"footnotes":""},"class_list":["post-13","page","type-page","status-publish","hentry"],"acf":[],"_links":{"self":[{"href":"https:\/\/lucas.stephenbstarrdesign.info\/es\/wp-json\/wp\/v2\/pages\/13","targetHints":{"allow":["GET"]}}],"collection":[{"href":"https:\/\/lucas.stephenbstarrdesign.info\/es\/wp-json\/wp\/v2\/pages"}],"about":[{"href":"https:\/\/lucas.stephenbstarrdesign.info\/es\/wp-json\/wp\/v2\/types\/page"}],"author":[{"embeddable":true,"href":"https:\/\/lucas.stephenbstarrdesign.info\/es\/wp-json\/wp\/v2\/users\/1"}],"replies":[{"embeddable":true,"href":"https:\/\/lucas.stephenbstarrdesign.info\/es\/wp-json\/wp\/v2\/comments?post=13"}],"version-history":[{"count":2,"href":"https:\/\/lucas.stephenbstarrdesign.info\/es\/wp-json\/wp\/v2\/pages\/13\/revisions"}],"predecessor-version":[{"id":1306,"href":"https:\/\/lucas.stephenbstarrdesign.info\/es\/wp-json\/wp\/v2\/pages\/13\/revisions\/1306"}],"wp:attachment":[{"href":"https:\/\/lucas.stephenbstarrdesign.info\/es\/wp-json\/wp\/v2\/media?parent=13"}],"curies":[{"name":"wp","href":"https:\/\/api.w.org\/{rel}","templated":true}]}}