{"id":17,"date":"2022-03-30T21:37:27","date_gmt":"2022-03-30T21:37:27","guid":{"rendered":"http:\/\/lucas.stephenbstarrdesign.info\/?page_id=17"},"modified":"2022-11-11T23:33:12","modified_gmt":"2022-11-11T23:33:12","slug":"image-gallery","status":"publish","type":"page","link":"https:\/\/lucas.stephenbstarrdesign.info\/es\/image-gallery\/","title":{"rendered":"galer\u00eda de im\u00e1genes"},"content":{"rendered":"<h2>\n\t\tGALER\u00cdA DE IM\u00c1GENES\n\t<\/h2>\n<h2>\n\t\tGaler\u00eda de revestimientos blancos\n\t<\/h2>\n<h2>\n\t\tGaler\u00eda de aluminio\n\t<\/h2>\n<h2>\n\t\tGaler\u00eda de asfalto\n\t<\/h2>\n<h2>\n\t\tGaler\u00eda de reparaci\u00f3n\n\t<\/h2>\n<h2>\n\t\tGaler\u00eda de selladores\n\t<\/h2>\n<h2>\n\t\tGaler\u00eda de Alba\u00f1iler\u00eda e Impermeabilizaci\u00f3n\n\t<\/h2>\n\t<p><strong>NUESTRAS UBICACIONES<\/strong><\/p>\n<b>Planta Alsip y Oficina Corporativa:<br \/>\n<\/b>12400 S. Laramie Ave<br \/>\nAlsip, IL 60803\u00a0\n<b>\u00a0<\/b><b>Planta de Chicago:<br \/>\n<\/b>3211 S. Madera St.<br \/>\nChicago, IL 60608\u00a0\n\t<p>&nbsp;<\/p>\n<b>Planta Orlando:<br \/>\n<\/b>10101 general dr.<br \/>\nOrlando, FL 32824\u00a0\n<b>Planta F\u00e9nix:<br \/>\n<\/b>44 N. 45th Ave.<br \/>\nPhoenix, Arizona 85043\u00a0\n\n\t<p>&nbsp;<\/p>\n<b>Oficina General:<br \/>\n<\/b>773-523-4300\u00a0\n<b>Fax general:<br \/>\n<\/b>773-523-3290\u00a0","protected":false},"excerpt":{"rendered":"<p>IMAGE GALLERY White Coating Gallery Aluminum Gallery Asphalt Gallery Repair Gallery Sealant Gallery Masonry and Waterproofing Gallery O U R\u00a0 L O C A T I O N S Alsip Plant and Corporate Office: 12400 S. Laramie Ave Alsip, IL 60803\u00a0 \u00a0Chicago Plant: 3211 S. Wood St. Chicago, IL 60608\u00a0 &nbsp; Orlando Plant: 10101 General&hellip;<\/p>","protected":false},"author":1,"featured_media":0,"parent":0,"menu_order":0,"comment_status":"closed","ping_status":"closed","template":"","meta":{"_acf_changed":false,"inline_featured_image":false,"footnotes":""},"class_list":["post-17","page","type-page","status-publish","hentry"],"acf":[],"_links":{"self":[{"href":"https:\/\/lucas.stephenbstarrdesign.info\/es\/wp-json\/wp\/v2\/pages\/17","targetHints":{"allow":["GET"]}}],"collection":[{"href":"https:\/\/lucas.stephenbstarrdesign.info\/es\/wp-json\/wp\/v2\/pages"}],"about":[{"href":"https:\/\/lucas.stephenbstarrdesign.info\/es\/wp-json\/wp\/v2\/types\/page"}],"author":[{"embeddable":true,"href":"https:\/\/lucas.stephenbstarrdesign.info\/es\/wp-json\/wp\/v2\/users\/1"}],"replies":[{"embeddable":true,"href":"https:\/\/lucas.stephenbstarrdesign.info\/es\/wp-json\/wp\/v2\/comments?post=17"}],"version-history":[{"count":10,"href":"https:\/\/lucas.stephenbstarrdesign.info\/es\/wp-json\/wp\/v2\/pages\/17\/revisions"}],"predecessor-version":[{"id":1425,"href":"https:\/\/lucas.stephenbstarrdesign.info\/es\/wp-json\/wp\/v2\/pages\/17\/revisions\/1425"}],"wp:attachment":[{"href":"https:\/\/lucas.stephenbstarrdesign.info\/es\/wp-json\/wp\/v2\/media?parent=17"}],"curies":[{"name":"wp","href":"https:\/\/api.w.org\/{rel}","templated":true}]}}