{"id":21,"date":"2022-03-30T21:38:12","date_gmt":"2022-03-30T21:38:12","guid":{"rendered":"http:\/\/lucas.stephenbstarrdesign.info\/?page_id=21"},"modified":"2022-11-18T18:10:15","modified_gmt":"2022-11-18T18:10:15","slug":"contact","status":"publish","type":"page","link":"https:\/\/lucas.stephenbstarrdesign.info\/es\/contact\/","title":{"rendered":"Contacto"},"content":{"rendered":"<h2>\n\t\tCONT\u00c1CTENOS\n\t<\/h2>\n<h3>\n\t\tPase el cursor sobre su \u00e1rea de Am\u00e9rica del Norte para ver el nombre de su representante de ventas. Haga clic en su regi\u00f3n para revelar la informaci\u00f3n de contacto.\n\t<\/h3>\n\t\n<style>\n\t#hotspot-1426 .hotspots-image-container,\n\t#hotspot-1426 .leaflet-container {\n\t\tbackground: #ffffff\t}\n\n\t#hotspot-1426 .hotspots-placeholder {\n\t\tbackground: #ffffff;\n\t\tborder: 0 #ffffff solid;\n\t\tcolor: #000000;\n\t}\n\n\t#hotspot-1426 .hotspot-title {\n\t\tcolor: #0033a0;\n\t}\n\n\t\t\t#hotspot-1426 .hotspot-default {\n\t\t\tstroke-width: 2;\n\t\t\tfill: #ffffff;\n\t\t\tfill-opacity: 0;\n\t\t\tstroke: #ffffff;\n\t\t\tstroke-opacity: 0;\n\t\t}\n\t\t#hotspot-1426 .hotspot-default:hover,\n\t\t#hotspot-1426 .hotspot-default:focus-visible,\n\t\t#hotspot-1426 .hotspot-default.hotspot-active {\n\t\t\tfill: #0033a0;\n\t\t\tfill-opacity: 0.71;\n\t\t\tstroke: #0033a0;\n\t\t\tstroke-opacity: 1.01;\n\t\t}\n\t\t#hotspot-1426 .leaflet-tooltip,\n\t#hotspot-1426 .leaflet-rrose-content-wrapper {\n\t\tbackground: #ffffff;\n\t\tborder-color: #ffffff;\n\t\tcolor: #000000;\n\t}\n\n\t#hotspot-1426 a.leaflet-rrose-close-button {\n\t\tcolor: #0033a0;\n\t}\n\n\t#hotspot-1426 .leaflet-rrose-tip {\n\t\tbackground: #ffffff;\n\t}\n\n\t#hotspot-1426 .leaflet-popup-scrolled {\n\t\tborder-bottom-color: #000000;\n\t\tborder-top-color: #000000;\n\t}\n\n\t#hotspot-1426 .leaflet-tooltip-top:before {\n\t\tborder-top-color: #ffffff;\n\t}\n\n\t#hotspot-1426 .leaflet-tooltip-bottom:before {\n\t\tborder-bottom-color: #ffffff;\n\t}\n\t#hotspot-1426 .leaflet-tooltip-left:before {\n\t\tborder-left-color: #ffffff;\n\t}\n\t#hotspot-1426 .leaflet-tooltip-right:before {\n\t\tborder-right-color: #ffffff;\n\t}\n<\/style>\n\n\t\n\t<div class=\"hotspots-container  layout-left event-click\" id=\"hotspot-1426\" data-layout=\"left\" data-trigger=\"click\">\n\t\t<div class=\"hotspots-interaction\">\n\t\t\t\t<div class=\"hotspots-placeholder\" id=\"content-hotspot-1426\">\n\t\t<div class=\"hotspot-initial\">\n\t\t\t\t\t\t\t\t\t<h2 class=\"hotspot-title\">\n\t\t\t\tRepresentantes de ventas de LUCAS\t\t\t<\/h2>\n\t\t\t\t\t\t<div class=\"hotspot-content\">\n\t\t\t\t\t\t\t<\/div>\n\t\t<\/div>\n\t<\/div>\n<div class=\"hotspots-image-container\">\n\t<img\n\t\twidth=\"749\"\n\t\theight=\"765\"\n\t\tsrc=\"https:\/\/lucas.stephenbstarrdesign.info\/wp-content\/uploads\/2022\/11\/usa_canada.jpg\"\n\t\talt=\"LUCAS Sales Reps\"\n\t\tclass=\"hotspots-image skip-lazy\"\n\t\tusemap=\"#hotspots-image-1426\"\n\t\tdata-image-title=\"LUCAS Sales Reps\"\n\t\tdata-image-description=\"\"\n\t\tdata-event-trigger=\"click\"\n\t\tdata-always-visible=\"false\"\n\t\tdata-id=\"1426\"\n\t\tdata-no-lazy=\"1\"\n\t\tdata-lazy-src=\"\"\n\t\tdata-lazy=\"false\"\n\t\tloading=\"eager\"\n\t\tdata-skip-lazy=\"1\"\n\t\t>\n<\/div>\t\t<\/div>\n\t\t<map name=\"hotspots-image-1426\" class=\"hotspots-map\">\n\t\t\t\t\t\t\t\t\t\t\t<area\n\t\t\t\t\tshape=\"circle\"\n\t\t\t\t\tcoords=\"429,515,75\"\n\t\t\t\t\thref=\"#hotspot-hotspot-1426-0\"\n\t\t\t\t\trel=\"\"\n\t\t\t\t\ttitle=\"caza cory\"\n\t\t\t\t\talt=\"Cory Hunt\"\n\t\t\t\t\tdata-action=\"\"\n\t\t\t\t\tdata-color-scheme=\"\"\n\t\t\t\t\ttarget=\"\"\n\t\t\t\t\tclass=\"more-info-area\"\n\t\t\t\t\t>\n\t\t\t\t\t\t\t\t\t\t\t<area\n\t\t\t\t\tshape=\"circle\"\n\t\t\t\t\tcoords=\"199,616,67\"\n\t\t\t\t\thref=\"#hotspot-hotspot-1426-1\"\n\t\t\t\t\trel=\"\"\n\t\t\t\t\ttitle=\"\u00c1ngel Rodr\u00edguez\"\n\t\t\t\t\talt=\"Angel Rodriguez\"\n\t\t\t\t\tdata-action=\"\"\n\t\t\t\t\tdata-color-scheme=\"\"\n\t\t\t\t\ttarget=\"\"\n\t\t\t\t\tclass=\"more-info-area\"\n\t\t\t\t\t>\n\t\t\t\t\t\t\t\t\t\t\t<area\n\t\t\t\t\tshape=\"circle\"\n\t\t\t\t\tcoords=\"329,654,68\"\n\t\t\t\t\thref=\"#hotspot-hotspot-1426-2\"\n\t\t\t\t\trel=\"\"\n\t\t\t\t\ttitle=\"Pedro Easton\"\n\t\t\t\t\talt=\"Peter Easton\"\n\t\t\t\t\tdata-action=\"\"\n\t\t\t\t\tdata-color-scheme=\"\"\n\t\t\t\t\ttarget=\"\"\n\t\t\t\t\tclass=\"more-info-area\"\n\t\t\t\t\t>\n\t\t\t\t\t\t\t\t\t\t\t<area\n\t\t\t\t\tshape=\"circle\"\n\t\t\t\t\tcoords=\"539,675,36\"\n\t\t\t\t\thref=\"#hotspot-hotspot-1426-3\"\n\t\t\t\t\trel=\"\"\n\t\t\t\t\ttitle=\"Tommy Griffey\"\n\t\t\t\t\talt=\"Tommy Griffey\"\n\t\t\t\t\tdata-action=\"\"\n\t\t\t\t\tdata-color-scheme=\"\"\n\t\t\t\t\ttarget=\"\"\n\t\t\t\t\tclass=\"more-info-area\"\n\t\t\t\t\t>\n\t\t\t\t\t\t\t\t\t\t\t<area\n\t\t\t\t\tshape=\"circle\"\n\t\t\t\t\tcoords=\"577,728,26\"\n\t\t\t\t\thref=\"#hotspot-hotspot-1426-4\"\n\t\t\t\t\trel=\"\"\n\t\t\t\t\ttitle=\"fabio stabielli\"\n\t\t\t\t\talt=\"Fabio Stabielli\"\n\t\t\t\t\tdata-action=\"\"\n\t\t\t\t\tdata-color-scheme=\"\"\n\t\t\t\t\ttarget=\"\"\n\t\t\t\t\tclass=\"more-info-area\"\n\t\t\t\t\t>\n\t\t\t\t\t\t\t\t\t\t\t<area\n\t\t\t\t\tshape=\"circle\"\n\t\t\t\t\tcoords=\"235,307,96\"\n\t\t\t\t\thref=\"#hotspot-hotspot-1426-5\"\n\t\t\t\t\trel=\"\"\n\t\t\t\t\ttitle=\"Jim Mart\u00edn\"\n\t\t\t\t\talt=\"Jim Martin\"\n\t\t\t\t\tdata-action=\"\"\n\t\t\t\t\tdata-color-scheme=\"\"\n\t\t\t\t\ttarget=\"\"\n\t\t\t\t\tclass=\"more-info-area\"\n\t\t\t\t\t>\n\t\t\t\t\t\t\t\t\t\t\t<area\n\t\t\t\t\tshape=\"circle\"\n\t\t\t\t\tcoords=\"614,336,64\"\n\t\t\t\t\thref=\"#hotspot-hotspot-1426-6\"\n\t\t\t\t\trel=\"\"\n\t\t\t\t\ttitle=\"Jim Mart\u00edn\"\n\t\t\t\t\talt=\"Jim Martin\"\n\t\t\t\t\tdata-action=\"\"\n\t\t\t\t\tdata-color-scheme=\"\"\n\t\t\t\t\ttarget=\"\"\n\t\t\t\t\tclass=\"more-info-area\"\n\t\t\t\t\t>\n\t\t\t\t\t\t\t\t\t\t\t<area\n\t\t\t\t\tshape=\"circle\"\n\t\t\t\t\tcoords=\"310,463,75\"\n\t\t\t\t\thref=\"#hotspot-hotspot-1426-7\"\n\t\t\t\t\trel=\"\"\n\t\t\t\t\ttitle=\"Jim Mart\u00edn\"\n\t\t\t\t\talt=\"Jim Martin\"\n\t\t\t\t\tdata-action=\"\"\n\t\t\t\t\tdata-color-scheme=\"\"\n\t\t\t\t\ttarget=\"\"\n\t\t\t\t\tclass=\"more-info-area\"\n\t\t\t\t\t>\n\t\t\t\t\t\t\t\t\t\t\t<area\n\t\t\t\t\tshape=\"circle\"\n\t\t\t\t\tcoords=\"437,625,40\"\n\t\t\t\t\thref=\"#hotspot-hotspot-1426-8\"\n\t\t\t\t\trel=\"\"\n\t\t\t\t\ttitle=\"Jim Mart\u00edn\"\n\t\t\t\t\talt=\"Jim Martin\"\n\t\t\t\t\tdata-action=\"\"\n\t\t\t\t\tdata-color-scheme=\"\"\n\t\t\t\t\ttarget=\"\"\n\t\t\t\t\tclass=\"more-info-area\"\n\t\t\t\t\t>\n\t\t\t\t\t\t\t\t\t\t\t<area\n\t\t\t\t\tshape=\"circle\"\n\t\t\t\t\tcoords=\"603,489,88\"\n\t\t\t\t\thref=\"#hotspot-hotspot-1426-9\"\n\t\t\t\t\trel=\"\"\n\t\t\t\t\ttitle=\"Jim Mart\u00edn\"\n\t\t\t\t\talt=\"Jim Martin\"\n\t\t\t\t\tdata-action=\"\"\n\t\t\t\t\tdata-color-scheme=\"\"\n\t\t\t\t\ttarget=\"\"\n\t\t\t\t\tclass=\"more-info-area\"\n\t\t\t\t\t>\n\t\t\t\t\t\t\t\t\t\t\t<area\n\t\t\t\t\tshape=\"circle\"\n\t\t\t\t\tcoords=\"511,535,32\"\n\t\t\t\t\thref=\"#hotspot-hotspot-1426-10\"\n\t\t\t\t\trel=\"\"\n\t\t\t\t\ttitle=\"milo sanda\"\n\t\t\t\t\talt=\"Milo Sanda\"\n\t\t\t\t\tdata-action=\"\"\n\t\t\t\t\tdata-color-scheme=\"\"\n\t\t\t\t\ttarget=\"\"\n\t\t\t\t\tclass=\"more-info-area\"\n\t\t\t\t\t>\n\t\t\t\t\t\t\t\t\t\t\t<area\n\t\t\t\t\tshape=\"circle\"\n\t\t\t\t\tcoords=\"547,502,25\"\n\t\t\t\t\thref=\"#hotspot-hotspot-1426-11\"\n\t\t\t\t\trel=\"\"\n\t\t\t\t\ttitle=\"steve rees\"\n\t\t\t\t\talt=\"Steve Rees\"\n\t\t\t\t\tdata-action=\"\"\n\t\t\t\t\tdata-color-scheme=\"\"\n\t\t\t\t\ttarget=\"\"\n\t\t\t\t\tclass=\"more-info-area\"\n\t\t\t\t\t>\n\t\t\t\t\t\t\t\t\t\t\t<area\n\t\t\t\t\tshape=\"circle\"\n\t\t\t\t\tcoords=\"566,602,35\"\n\t\t\t\t\thref=\"#hotspot-hotspot-1426-12\"\n\t\t\t\t\trel=\"\"\n\t\t\t\t\ttitle=\"saltar eliot\"\n\t\t\t\t\talt=\"Skip Elliot\"\n\t\t\t\t\tdata-action=\"\"\n\t\t\t\t\tdata-color-scheme=\"\"\n\t\t\t\t\ttarget=\"\"\n\t\t\t\t\tclass=\"more-info-area\"\n\t\t\t\t\t>\n\t\t\t\t\t\t\t\t\t\t\t<area\n\t\t\t\t\tshape=\"circle\"\n\t\t\t\t\tcoords=\"598,606,32\"\n\t\t\t\t\thref=\"#hotspot-hotspot-1426-13\"\n\t\t\t\t\trel=\"\"\n\t\t\t\t\ttitle=\"matthew elliot\"\n\t\t\t\t\talt=\"Matthew Elliot\"\n\t\t\t\t\tdata-action=\"\"\n\t\t\t\t\tdata-color-scheme=\"\"\n\t\t\t\t\ttarget=\"\"\n\t\t\t\t\tclass=\"more-info-area\"\n\t\t\t\t\t>\n\t\t\t\t\t\t\t\t\t\t\t<area\n\t\t\t\t\tshape=\"circle\"\n\t\t\t\t\tcoords=\"512,589,21\"\n\t\t\t\t\thref=\"#hotspot-hotspot-1426-14\"\n\t\t\t\t\trel=\"\"\n\t\t\t\t\ttitle=\"sue martin\"\n\t\t\t\t\talt=\"Sue Martin\"\n\t\t\t\t\tdata-action=\"\"\n\t\t\t\t\tdata-color-scheme=\"\"\n\t\t\t\t\ttarget=\"\"\n\t\t\t\t\tclass=\"more-info-area\"\n\t\t\t\t\t>\n\t\t\t\t\t\t\t\t\t\t\t<area\n\t\t\t\t\tshape=\"circle\"\n\t\t\t\t\tcoords=\"498,616,35\"\n\t\t\t\t\thref=\"#hotspot-hotspot-1426-15\"\n\t\t\t\t\trel=\"\"\n\t\t\t\t\ttitle=\"keith wilson\"\n\t\t\t\t\talt=\"Keith Wilson\"\n\t\t\t\t\tdata-action=\"\"\n\t\t\t\t\tdata-color-scheme=\"\"\n\t\t\t\t\ttarget=\"\"\n\t\t\t\t\tclass=\"more-info-area\"\n\t\t\t\t\t>\n\t\t\t\t\t\t\t\t\t\t\t<area\n\t\t\t\t\tshape=\"circle\"\n\t\t\t\t\tcoords=\"514,637,34\"\n\t\t\t\t\thref=\"#hotspot-hotspot-1426-16\"\n\t\t\t\t\trel=\"\"\n\t\t\t\t\ttitle=\"zac wilson\"\n\t\t\t\t\talt=\"Zac Wilson\"\n\t\t\t\t\tdata-action=\"\"\n\t\t\t\t\tdata-color-scheme=\"\"\n\t\t\t\t\ttarget=\"\"\n\t\t\t\t\tclass=\"more-info-area\"\n\t\t\t\t\t>\n\t\t\t\t\t\t\t\t\t\t\t<area\n\t\t\t\t\tshape=\"circle\"\n\t\t\t\t\tcoords=\"369,672,35\"\n\t\t\t\t\thref=\"#hotspot-hotspot-1426-17\"\n\t\t\t\t\trel=\"\"\n\t\t\t\t\ttitle=\"chris cocinar\"\n\t\t\t\t\talt=\"Chris Cook\"\n\t\t\t\t\tdata-action=\"\"\n\t\t\t\t\tdata-color-scheme=\"\"\n\t\t\t\t\ttarget=\"\"\n\t\t\t\t\tclass=\"more-info-area\"\n\t\t\t\t\t>\n\t\t\t\t\t\t\t\t\t\t\t<area\n\t\t\t\t\tshape=\"circle\"\n\t\t\t\t\tcoords=\"388,704,31\"\n\t\t\t\t\thref=\"#hotspot-hotspot-1426-18\"\n\t\t\t\t\trel=\"\"\n\t\t\t\t\ttitle=\"Bill cocinero\"\n\t\t\t\t\talt=\"Bill Cook\"\n\t\t\t\t\tdata-action=\"\"\n\t\t\t\t\tdata-color-scheme=\"\"\n\t\t\t\t\ttarget=\"\"\n\t\t\t\t\tclass=\"more-info-area\"\n\t\t\t\t\t>\n\t\t\t\t\t\t\t\t\t\t\t<area\n\t\t\t\t\tshape=\"circle\"\n\t\t\t\t\tcoords=\"442,356,66\"\n\t\t\t\t\thref=\"#hotspot-hotspot-1426-19\"\n\t\t\t\t\trel=\"\"\n\t\t\t\t\ttitle=\"Puertas de Geoffrey\"\n\t\t\t\t\talt=\"Geoffrey Gates\"\n\t\t\t\t\tdata-action=\"\"\n\t\t\t\t\tdata-color-scheme=\"\"\n\t\t\t\t\ttarget=\"\"\n\t\t\t\t\tclass=\"more-info-area\"\n\t\t\t\t\t>\n\t\t\t\t\t\t\t\t\t\t\t<area\n\t\t\t\t\tshape=\"circle\"\n\t\t\t\t\tcoords=\"380,565,48\"\n\t\t\t\t\thref=\"#hotspot-hotspot-1426-20\"\n\t\t\t\t\trel=\"\"\n\t\t\t\t\ttitle=\"Puertas de Geoffrey\"\n\t\t\t\t\talt=\"Geoffrey Gates\"\n\t\t\t\t\tdata-action=\"\"\n\t\t\t\t\tdata-color-scheme=\"\"\n\t\t\t\t\ttarget=\"\"\n\t\t\t\t\tclass=\"more-info-area\"\n\t\t\t\t\t>\n\t\t\t\t\t\t\t\t\t\t\t<area\n\t\t\t\t\tshape=\"circle\"\n\t\t\t\t\tcoords=\"138,501,43\"\n\t\t\t\t\thref=\"#hotspot-hotspot-1426-21\"\n\t\t\t\t\trel=\"\"\n\t\t\t\t\ttitle=\"jim reznik\"\n\t\t\t\t\talt=\"Jim Reznik\"\n\t\t\t\t\tdata-action=\"\"\n\t\t\t\t\tdata-color-scheme=\"\"\n\t\t\t\t\ttarget=\"\"\n\t\t\t\t\tclass=\"more-info-area\"\n\t\t\t\t\t>\n\t\t\t\t\t\t\t\t\t\t\t<area\n\t\t\t\t\tshape=\"circle\"\n\t\t\t\t\tcoords=\"109,432,48\"\n\t\t\t\t\thref=\"#hotspot-hotspot-1426-22\"\n\t\t\t\t\trel=\"\"\n\t\t\t\t\ttitle=\"campos mate\"\n\t\t\t\t\talt=\"Matt Fields\"\n\t\t\t\t\tdata-action=\"\"\n\t\t\t\t\tdata-color-scheme=\"\"\n\t\t\t\t\ttarget=\"\"\n\t\t\t\t\tclass=\"more-info-area\"\n\t\t\t\t\t>\n\t\t\t\t\t\t\t\t\t\t\t<area\n\t\t\t\t\tshape=\"circle\"\n\t\t\t\t\tcoords=\"226,528,57\"\n\t\t\t\t\thref=\"#hotspot-hotspot-1426-23\"\n\t\t\t\t\trel=\"\"\n\t\t\t\t\ttitle=\"Pablo Le Fevre\"\n\t\t\t\t\talt=\"Paul Le Fevre\"\n\t\t\t\t\tdata-action=\"\"\n\t\t\t\t\tdata-color-scheme=\"\"\n\t\t\t\t\ttarget=\"\"\n\t\t\t\t\tclass=\"more-info-area\"\n\t\t\t\t\t>\n\t\t\t\t\t\t\t\t\t\t\t<area\n\t\t\t\t\tshape=\"circle\"\n\t\t\t\t\tcoords=\"59,564,56\"\n\t\t\t\t\thref=\"#hotspot-hotspot-1426-24\"\n\t\t\t\t\trel=\"\"\n\t\t\t\t\ttitle=\"jeff berg\"\n\t\t\t\t\talt=\"Jeff Berg\"\n\t\t\t\t\tdata-action=\"\"\n\t\t\t\t\tdata-color-scheme=\"\"\n\t\t\t\t\ttarget=\"\"\n\t\t\t\t\tclass=\"more-info-area\"\n\t\t\t\t\t>\n\t\t\t\t\t\t\t\t\t\t\t<area\n\t\t\t\t\tshape=\"circle\"\n\t\t\t\t\tcoords=\"490,476,29\"\n\t\t\t\t\thref=\"#hotspot-hotspot-1426-25\"\n\t\t\t\t\trel=\"\"\n\t\t\t\t\ttitle=\"remache de factura\"\n\t\t\t\t\talt=\"Bill Rivet\"\n\t\t\t\t\tdata-action=\"\"\n\t\t\t\t\tdata-color-scheme=\"\"\n\t\t\t\t\ttarget=\"\"\n\t\t\t\t\tclass=\"more-info-area\"\n\t\t\t\t\t>\n\t\t\t\t\t\t\t\t\t\t\t<area\n\t\t\t\t\tshape=\"circle\"\n\t\t\t\t\tcoords=\"527,483,27\"\n\t\t\t\t\thref=\"#hotspot-hotspot-1426-26\"\n\t\t\t\t\trel=\"\"\n\t\t\t\t\ttitle=\"Trato de Marc\"\n\t\t\t\t\talt=\"Marc Treat\"\n\t\t\t\t\tdata-action=\"\"\n\t\t\t\t\tdata-color-scheme=\"\"\n\t\t\t\t\ttarget=\"\"\n\t\t\t\t\tclass=\"more-info-area\"\n\t\t\t\t\t>\n\t\t\t\t\t<\/map>\n\n\t\t\n\t\t\t\t\t\n\t\t\t\t\t\t<div class=\"hotspot-info\" id=\"hotspot-hotspot-1426-0\">\n\t\t\t\t\n\t\t\t\t<h2 class=\"hotspot-title\">caza cory<\/h2>\t\t\t\t\t\t\t\t<div class=\"hotspot-content\">\n\t\t\t\t\t<p><strong>caza cory<br \/>\n<a href=\"mailto:chunt@rmlucas.com\">chunt@rmlucas.com<\/a><br \/>\n515-229-5443<br \/>\nTerritorio: Wisconsin, Illinois, Iowa, Indiana<\/strong><\/p>\n\t\t\t\t<\/div>\n\t\t\t<\/div>\n\t\t\t\t\t\n\t\t\t\t\t\t<div class=\"hotspot-info\" id=\"hotspot-hotspot-1426-1\">\n\t\t\t\t\n\t\t\t\t<h2 class=\"hotspot-title\">\u00c1ngel Rodr\u00edguez<\/h2>\t\t\t\t\t\t\t\t<div class=\"hotspot-content\">\n\t\t\t\t\t<p><strong><a href=\"mailto:arodriguez@rmlucas.com\">arodriguez@rmlucas.com<\/a><br \/>\n520-990-1749<br \/>\nTerritorio: Arizona, Las Vegas, Nuevo M\u00e9xico, El Paso<\/strong><\/p>\n\t\t\t\t<\/div>\n\t\t\t<\/div>\n\t\t\t\t\t\n\t\t\t\t\t\t<div class=\"hotspot-info\" id=\"hotspot-hotspot-1426-2\">\n\t\t\t\t\n\t\t\t\t<h2 class=\"hotspot-title\">Pedro Easton<\/h2>\t\t\t\t\t\t\t\t<div class=\"hotspot-content\">\n\t\t\t\t\t<p><strong><a href=\"mailto:peaston@rmlucas.com\">peaston@rmlucas.com<\/a><br \/>\n972-890-5743<br \/>\nTerritorio: Texas y Oklahoma<\/strong><\/p>\n\t\t\t\t<\/div>\n\t\t\t<\/div>\n\t\t\t\t\t\n\t\t\t\t\t\t<div class=\"hotspot-info\" id=\"hotspot-hotspot-1426-3\">\n\t\t\t\t\n\t\t\t\t<h2 class=\"hotspot-title\">Tommy Griffey<\/h2>\t\t\t\t\t\t\t\t<div class=\"hotspot-content\">\n\t\t\t\t\t<p><strong><a href=\"mailto:tgriffey@rmlucas.com\">tgriffey@rmlucas.com<\/a><br \/>\n321-239-2591<br \/>\nTerritorio: Norte\/Centro de Florida, Suroeste de Georgia<\/strong><\/p>\n\t\t\t\t<\/div>\n\t\t\t<\/div>\n\t\t\t\t\t\n\t\t\t\t\t\t<div class=\"hotspot-info\" id=\"hotspot-hotspot-1426-4\">\n\t\t\t\t\n\t\t\t\t<h2 class=\"hotspot-title\">fabio stabielli<\/h2>\t\t\t\t\t\t\t\t<div class=\"hotspot-content\">\n\t\t\t\t\t<p><strong>fabio stabielli<br \/>\n<a href=\"mailto:fstabielli@rmlucas.com\">fstabielli@rmlucas.com<\/a><br \/>\n754-457-8650<br \/>\nTerritorio: Sur de la Florida<\/strong><\/p>\n\t\t\t\t<\/div>\n\t\t\t<\/div>\n\t\t\t\t\t\n\t\t\t\t\t\t<div class=\"hotspot-info\" id=\"hotspot-hotspot-1426-5\">\n\t\t\t\t\n\t\t\t\t<h2 class=\"hotspot-title\">Jim Mart\u00edn<\/h2>\t\t\t\t\t\t\t\t<div class=\"hotspot-content\">\n\t\t\t\t\t<p><strong>Jim Mart\u00edn<br \/>\n<a href=\"mailto:jmartin@rmlucas.com\">jmartin@rmlucas.com<\/a><br \/>\n704-517-9585<br \/>\nTerritorio: Manitoba, Saskatchewan, Alberta, Columbia Brit\u00e1nica) (Canad\u00e1)<\/strong><\/p>\n\t\t\t\t<\/div>\n\t\t\t<\/div>\n\t\t\t\t\t\n\t\t\t\t\t\t<div class=\"hotspot-info\" id=\"hotspot-hotspot-1426-6\">\n\t\t\t\t\n\t\t\t\t<h2 class=\"hotspot-title\">Jim Mart\u00edn<\/h2>\t\t\t\t\t\t\t\t<div class=\"hotspot-content\">\n\t\t\t\t\t<p><strong>Jim Mart\u00edn<br \/>\n<a href=\"mailto:jmartin@rmlucas.com\">jmartin@rmlucas.com<\/a><br \/>\n704-517-9585<br \/>\nTerritorio: Quebec y New Brunswick (Canad\u00e1)<\/strong><\/p>\n\t\t\t\t<\/div>\n\t\t\t<\/div>\n\t\t\t\t\t\n\t\t\t\t\t\t<div class=\"hotspot-info\" id=\"hotspot-hotspot-1426-7\">\n\t\t\t\t\n\t\t\t\t<h2 class=\"hotspot-title\">Jim Mart\u00edn<\/h2>\t\t\t\t\t\t\t\t<div class=\"hotspot-content\">\n\t\t\t\t\t<p><strong>Jim Mart\u00edn<br \/>\n<a href=\"mailto:jmartin@rmlucas.com\">jmartin@rmlucas.com<\/a><br \/>\n704-517-9585<br \/>\nTerritorio: Montana, Dakota del Norte, Dakota del Sur, Minnesota, Nebraska<\/strong><\/p>\n\t\t\t\t<\/div>\n\t\t\t<\/div>\n\t\t\t\t\t\n\t\t\t\t\t\t<div class=\"hotspot-info\" id=\"hotspot-hotspot-1426-8\">\n\t\t\t\t\n\t\t\t\t<h2 class=\"hotspot-title\">Jim Mart\u00edn<\/h2>\t\t\t\t\t\t\t\t<div class=\"hotspot-content\">\n\t\t\t\t\t<p><strong>Jim Mart\u00edn<br \/>\n<a href=\"mailto:jmartin@rmlucas.com\">jmartin@rmlucas.com<\/a><br \/>\n704-517-9585<br \/>\nTerritorio: Arkansas, Misisipi, Oeste de Tennessee, Sur de Kentucky<\/strong><\/p>\n\t\t\t\t<\/div>\n\t\t\t<\/div>\n\t\t\t\t\t\n\t\t\t\t\t\t<div class=\"hotspot-info\" id=\"hotspot-hotspot-1426-9\">\n\t\t\t\t\n\t\t\t\t<h2 class=\"hotspot-title\">Jim Mart\u00edn<\/h2>\t\t\t\t\t\t\t\t<div class=\"hotspot-content\">\n\t\t\t\t\t<p><strong>Jim Mart\u00edn<br \/>\n<a href=\"mailto:jmartin@rmlucas.com\">jmartin@rmlucas.com<\/a><br \/>\n704-517-9585<br \/>\nTerritorio: Virginia Occidental, Virginia, Pensilvania Occidental, Delaware, Maryland, Nueva Jersey, Nueva York, Connecticut, Rhode Island, Massachusetts, Nuevo Hampshire, Vermont, Maine<\/strong><\/p>\n\t\t\t\t<\/div>\n\t\t\t<\/div>\n\t\t\t\t\t\n\t\t\t\t\t\t<div class=\"hotspot-info\" id=\"hotspot-hotspot-1426-10\">\n\t\t\t\t\n\t\t\t\t<h2 class=\"hotspot-title\">milo sanda<\/h2>\t\t\t\t\t\t\t\t<div class=\"hotspot-content\">\n\t\t\t\t\t<p><strong>milo sanda<br \/>\n<a href=\"mailto:msanda@sbcglobal.net\">msanda@sbcglobal.net<\/a><br \/>\n216-276-7879<br \/>\nTerritorio: Ohio y el norte de Kentucky<\/strong><\/p>\n\t\t\t\t<\/div>\n\t\t\t<\/div>\n\t\t\t\t\t\n\t\t\t\t\t\t<div class=\"hotspot-info\" id=\"hotspot-hotspot-1426-11\">\n\t\t\t\t\n\t\t\t\t<h2 class=\"hotspot-title\">steve rees<\/h2>\t\t\t\t\t\t\t\t<div class=\"hotspot-content\">\n\t\t\t\t\t<p><strong>steve rees<br \/>\n<a href=\"mailto:reesandco@yahoo.com\">reesandco@yahoo.com<\/a><br \/>\n610-608-2770<br \/>\nTerritorio: Este de Pensilvania<\/strong><\/p>\n\t\t\t\t<\/div>\n\t\t\t<\/div>\n\t\t\t\t\t\n\t\t\t\t\t\t<div class=\"hotspot-info\" id=\"hotspot-hotspot-1426-12\">\n\t\t\t\t\n\t\t\t\t<h2 class=\"hotspot-title\">saltar eliot<\/h2>\t\t\t\t\t\t\t\t<div class=\"hotspot-content\">\n\t\t\t\t\t<p><strong>saltar eliot<br \/>\n843-607-6990<br \/>\n<a href=\"mailto:skip@elliottmarketingllc.com\">skip@elliottmarketingllc.com<\/a><br \/>\nTerritorio: Carolina del Norte y Carolina del Sur<\/strong><\/p>\n\t\t\t\t<\/div>\n\t\t\t<\/div>\n\t\t\t\t\t\n\t\t\t\t\t\t<div class=\"hotspot-info\" id=\"hotspot-hotspot-1426-13\">\n\t\t\t\t\n\t\t\t\t<h2 class=\"hotspot-title\">matthew elliot<\/h2>\t\t\t\t\t\t\t\t<div class=\"hotspot-content\">\n\t\t\t\t\t<p><strong>matthew elliot<br \/>\n843-607-6993<br \/>\n<a href=\"mailto:matthew@elliottmarketingllc.com\">matthew@elliottmarketingllc.com<\/a><br \/>\nTerritorio: Carolina del Norte y Carolina del Sur<\/strong><\/p>\n\t\t\t\t<\/div>\n\t\t\t<\/div>\n\t\t\t\t\t\n\t\t\t\t\t\t<div class=\"hotspot-info\" id=\"hotspot-hotspot-1426-14\">\n\t\t\t\t\n\t\t\t\t<h2 class=\"hotspot-title\">sue martin<\/h2>\t\t\t\t\t\t\t\t<div class=\"hotspot-content\">\n\t\t\t\t\t<p><strong>sue martin<br \/>\n423-802-0105<br \/>\n<a href=\"mailto:sue@southeastassociates.com\">sue@southeastassociates.com<\/a><br \/>\nTerritorio: Este de Tennessee<\/strong><\/p>\n\t\t\t\t<\/div>\n\t\t\t<\/div>\n\t\t\t\t\t\n\t\t\t\t\t\t<div class=\"hotspot-info\" id=\"hotspot-hotspot-1426-15\">\n\t\t\t\t\n\t\t\t\t<h2 class=\"hotspot-title\">keith wilson<\/h2>\t\t\t\t\t\t\t\t<div class=\"hotspot-content\">\n\t\t\t\t\t<p><strong>keith wilson<br \/>\n334-467-2009<br \/>\n<a href=\"mailto:wilsonkd1@gmail.com\">wilsonkd1@gmail.com<\/a><br \/>\nTerritorio: Alabama, Georgia del Norte, Tennessee Central<\/strong><\/p>\n\t\t\t\t<\/div>\n\t\t\t<\/div>\n\t\t\t\t\t\n\t\t\t\t\t\t<div class=\"hotspot-info\" id=\"hotspot-hotspot-1426-16\">\n\t\t\t\t\n\t\t\t\t<h2 class=\"hotspot-title\">zac wilson<\/h2>\t\t\t\t\t\t\t\t<div class=\"hotspot-content\">\n\t\t\t\t\t<p><strong>zac wilson<br \/>\n334-224-2849<br \/>\n<a href=\"mailto:zac.exteriormaterials@gmail.com\">zac.exteriormaterials@gmail.com<\/a><br \/>\nTerritorio: Alabama, Georgia del Norte, Tennessee Central<\/strong><\/p>\n\t\t\t\t<\/div>\n\t\t\t<\/div>\n\t\t\t\t\t\n\t\t\t\t\t\t<div class=\"hotspot-info\" id=\"hotspot-hotspot-1426-17\">\n\t\t\t\t\n\t\t\t\t<h2 class=\"hotspot-title\">chris cocinar<\/h2>\t\t\t\t\t\t\t\t<div class=\"hotspot-content\">\n\t\t\t\t\t<p><strong>chris cocinar<br \/>\n713-899-4803<br \/>\n<a href=\"mailto:w.c.cook6@gmail.com\">wccook6@gmail.com<\/a><br \/>\nTerritorio: Este de Texas<\/strong><\/p>\n\t\t\t\t<\/div>\n\t\t\t<\/div>\n\t\t\t\t\t\n\t\t\t\t\t\t<div class=\"hotspot-info\" id=\"hotspot-hotspot-1426-18\">\n\t\t\t\t\n\t\t\t\t<h2 class=\"hotspot-title\">Bill cocinero<\/h2>\t\t\t\t\t\t\t\t<div class=\"hotspot-content\">\n\t\t\t\t\t<p><strong>Bill cocinero<br \/>\n281-923-7083<br \/>\n<a href=\"mailto:wrcook@sbcglobal.net\">wrcook@sbcglobal.net<\/a><br \/>\nTerritorio: Este de Texas<\/strong><\/p>\n\t\t\t\t<\/div>\n\t\t\t<\/div>\n\t\t\t\t\t\n\t\t\t\t\t\t<div class=\"hotspot-info\" id=\"hotspot-hotspot-1426-19\">\n\t\t\t\t\n\t\t\t\t<h2 class=\"hotspot-title\">Puertas de Geoffrey<\/h2>\t\t\t\t\t\t\t\t<div class=\"hotspot-content\">\n\t\t\t\t\t<p><strong>Puertas de Geoffrey<br \/>\n314-308-9845<br \/>\n<a href=\"mailto:gatesnassoc@att.net\">gatesnassoc@att.net<\/a><br \/>\nTerritorio: Ontario (Canad\u00e1)<\/strong><\/p>\n\t\t\t\t<\/div>\n\t\t\t<\/div>\n\t\t\t\t\t\n\t\t\t\t\t\t<div class=\"hotspot-info\" id=\"hotspot-hotspot-1426-20\">\n\t\t\t\t\n\t\t\t\t<h2 class=\"hotspot-title\">Puertas de Geoffrey<\/h2>\t\t\t\t\t\t\t\t<div class=\"hotspot-content\">\n\t\t\t\t\t<p><strong>Puertas de Geoffrey<br \/>\n314-308-9845<br \/>\n<a href=\"mailto:gatesnassoc@att.net\">gatesnassoc@att.net<\/a><br \/>\nTerritorio: Kansas, Misuri<\/strong><\/p>\n\t\t\t\t<\/div>\n\t\t\t<\/div>\n\t\t\t\t\t\n\t\t\t\t\t\t<div class=\"hotspot-info\" id=\"hotspot-hotspot-1426-21\">\n\t\t\t\t\n\t\t\t\t<h2 class=\"hotspot-title\">jim reznik<\/h2>\t\t\t\t\t\t\t\t<div class=\"hotspot-content\">\n\t\t\t\t\t<p><strong>jim reznik<br \/>\n818-456-6188<br \/>\n<a href=\"mailto:jreznik@freedomconstructionproducts.com\">jreznik@freedomconstructionproducts.com<\/a><br \/>\nTerritorio: Nevada, Idaho<\/strong><\/p>\n\t\t\t\t<\/div>\n\t\t\t<\/div>\n\t\t\t\t\t\n\t\t\t\t\t\t<div class=\"hotspot-info\" id=\"hotspot-hotspot-1426-22\">\n\t\t\t\t\n\t\t\t\t<h2 class=\"hotspot-title\">campos mate<\/h2>\t\t\t\t\t\t\t\t<div class=\"hotspot-content\">\n\t\t\t\t\t<p><strong>campos mate<br \/>\n253-682-7696<br \/>\n<a href=\"mailto:pathwaymarketingllc@gmail.com\">pathmarketingllc@gmail.com<\/a><br \/>\nTerritorio: Oreg\u00f3n, Washington<\/strong><\/p>\n\t\t\t\t<\/div>\n\t\t\t<\/div>\n\t\t\t\t\t\n\t\t\t\t\t\t<div class=\"hotspot-info\" id=\"hotspot-hotspot-1426-23\">\n\t\t\t\t\n\t\t\t\t<h2 class=\"hotspot-title\">Pablo Le Fevre<\/h2>\t\t\t\t\t\t\t\t<div class=\"hotspot-content\">\n\t\t\t\t\t<p><strong>Pablo Le Fevre<br \/>\n435-590-4803<br \/>\n<a href=\"mailto:paul@preferredrooflines.com\">paul@preferredrooflines.com<\/a><br \/>\nTerritorio: Colorado, Utah, Wyoming<\/strong><\/p>\n\t\t\t\t<\/div>\n\t\t\t<\/div>\n\t\t\t\t\t\n\t\t\t\t\t\t<div class=\"hotspot-info\" id=\"hotspot-hotspot-1426-24\">\n\t\t\t\t\n\t\t\t\t<h2 class=\"hotspot-title\">jeff berg<\/h2>\t\t\t\t\t\t\t\t<div class=\"hotspot-content\">\n\t\t\t\t\t<p><strong>jeff berg<br \/>\n925.997.9090<br \/>\n<a href=\"mailto:jberg@calibersolutions.us\">jberg@calibresolutions.us<\/a><br \/>\nTerritorio: California<\/strong><\/p>\n\t\t\t\t<\/div>\n\t\t\t<\/div>\n\t\t\t\t\t\n\t\t\t\t\t\t<div class=\"hotspot-info\" id=\"hotspot-hotspot-1426-25\">\n\t\t\t\t\n\t\t\t\t<h2 class=\"hotspot-title\">remache de factura<\/h2>\t\t\t\t\t\t\t\t<div class=\"hotspot-content\">\n\t\t\t\t\t<p><strong>remache de factura<br \/>\n989-415-3920<br \/>\n<a href=\"mailto:bill@greatlakesroofingsolutions.com\">bill@greatlakesroofingsolutions.com<\/a><br \/>\nTerritorio: Michigan, Ontario (Solo Windsor, Canad\u00e1)<\/strong><\/p>\n\t\t\t\t<\/div>\n\t\t\t<\/div>\n\t\t\t\t\t\n\t\t\t\t\t\t<div class=\"hotspot-info\" id=\"hotspot-hotspot-1426-26\">\n\t\t\t\t\n\t\t\t\t<h2 class=\"hotspot-title\">Trato de Marc<\/h2>\t\t\t\t\t\t\t\t<div class=\"hotspot-content\">\n\t\t\t\t\t<p><strong>Trato de Marc<br \/>\n616-502-0230<br \/>\n<a href=\"mailto:marc@greatlakesroofingsolutions.com\">marc@greatlakesroofingsolutions.com<\/a><br \/>\nTerritorio: Michigan, Ontario (Solo Windsor, Canad\u00e1)<\/strong><\/p>\n\t\t\t\t<\/div>\n\t\t\t<\/div>\n\t\t\t<\/div>\n\n\n\t<h3>OFICINA CORPORATIVA<\/h3>\nRM Lucas Co.<br \/>\n12400 S. Laramie<br \/>\nAlsip, IL 60803\n<strong>Tel\u00e9fono de la oficina corporativa:<\/strong><br \/>\n773-523-4300\n<strong>Fax de la oficina corporativa:<\/strong><br \/>\n773-523-3290\n\t<strong>Planta Alsip y Oficina Corporativa:<\/strong><br \/>\n12400 S. Laramie Ave<br \/>\nAlsip, IL 60803\n<strong>Planta de Chicago:<\/strong><br \/>\n3211 S. Madera St.<br \/>\nChicago, IL 60608\n<strong>Planta Orlando:<\/strong><br \/>\n10101 general dr.<br \/>\nOrlando, FL 32824\n<strong>Planta Mesa:<\/strong><br \/>\n3130 N. Oakland<br \/>\nMesa, AZ 85215\n<h3>\n\t\tCont\u00e1ctenos por correo electr\u00f3nico\n\t<\/h3>\n\t<p><strong>NUESTRAS UBICACIONES<\/strong><\/p>\n<b>Planta Alsip y Oficina Corporativa:<br \/>\n<\/b>12400 S. Laramie Ave<br \/>\nAlsip, IL 60803\u00a0\n<b>\u00a0<\/b><b>Planta de Chicago:<br \/>\n<\/b>3211 S. Madera St.<br \/>\nChicago, IL 60608\u00a0\n\t<p>&nbsp;<\/p>\n<b>Planta Orlando:<br \/>\n<\/b>10101 general dr.<br \/>\nOrlando, FL 32824\u00a0\n<b>Planta Mesa:<br \/>\n<\/b>3130 N. Oakland<br \/>\nMesa, AZ 85215 \n\n\t<p>&nbsp;<\/p>\n<b>Oficina General:<br \/>\n<\/b>773-523-4300\u00a0\n<b>Fax general:<br \/>\n<\/b>773-523-3290\u00a0","protected":false},"excerpt":{"rendered":"<p>CONTACT US Hover over your area of North America to see the name of your sales representative. Click on their region to reveal contact information. CORPORATE OFFICE R.M. Lucas Co. 12400 S. Laramie Alsip, IL 60803 Corporate Office Phone: 773-523-4300 Corporate Office Fax: 773-523-3290 Alsip Plant and Corporate Office: 12400 S. Laramie Ave Alsip, IL&hellip;<\/p>","protected":false},"author":1,"featured_media":0,"parent":0,"menu_order":0,"comment_status":"closed","ping_status":"closed","template":"","meta":{"_acf_changed":false,"inline_featured_image":false,"footnotes":""},"class_list":["post-21","page","type-page","status-publish","hentry"],"acf":[],"_links":{"self":[{"href":"https:\/\/lucas.stephenbstarrdesign.info\/es\/wp-json\/wp\/v2\/pages\/21","targetHints":{"allow":["GET"]}}],"collection":[{"href":"https:\/\/lucas.stephenbstarrdesign.info\/es\/wp-json\/wp\/v2\/pages"}],"about":[{"href":"https:\/\/lucas.stephenbstarrdesign.info\/es\/wp-json\/wp\/v2\/types\/page"}],"author":[{"embeddable":true,"href":"https:\/\/lucas.stephenbstarrdesign.info\/es\/wp-json\/wp\/v2\/users\/1"}],"replies":[{"embeddable":true,"href":"https:\/\/lucas.stephenbstarrdesign.info\/es\/wp-json\/wp\/v2\/comments?post=21"}],"version-history":[{"count":6,"href":"https:\/\/lucas.stephenbstarrdesign.info\/es\/wp-json\/wp\/v2\/pages\/21\/revisions"}],"predecessor-version":[{"id":1457,"href":"https:\/\/lucas.stephenbstarrdesign.info\/es\/wp-json\/wp\/v2\/pages\/21\/revisions\/1457"}],"wp:attachment":[{"href":"https:\/\/lucas.stephenbstarrdesign.info\/es\/wp-json\/wp\/v2\/media?parent=21"}],"curies":[{"name":"wp","href":"https:\/\/api.w.org\/{rel}","templated":true}]}}