{"id":27,"date":"2022-03-30T21:38:50","date_gmt":"2022-03-30T21:38:50","guid":{"rendered":"http:\/\/lucas.stephenbstarrdesign.info\/?page_id=27"},"modified":"2022-11-15T21:23:51","modified_gmt":"2022-11-15T21:23:51","slug":"waterproofing","status":"publish","type":"page","link":"https:\/\/lucas.stephenbstarrdesign.info\/es\/waterproofing\/","title":{"rendered":"Impermeabilizaci\u00f3n"},"content":{"rendered":"<h2>\n\t\tIMPERMEABILIZACI\u00d3N\n\t<\/h2>\n<h4>IMPERMEABILIZACI\u00d3N (haga una selecci\u00f3n a continuaci\u00f3n para ordenar)<\/h4>\n\t<p><strong>NUESTRAS UBICACIONES<\/strong><\/p>\n<b>Planta Alsip y Oficina Corporativa:<br \/>\n<\/b>12400 S. Laramie Ave<br \/>\nAlsip, IL 60803\u00a0\n<b>\u00a0<\/b><b>Planta de Chicago:<br \/>\n<\/b>3211 S. Madera St.<br \/>\nChicago, IL 60608\u00a0\n\t<p>&nbsp;<\/p>\n<b>Planta Orlando:<br \/>\n<\/b>10101 general dr.<br \/>\nOrlando, FL 32824\u00a0\n<b>Planta F\u00e9nix:<br \/>\n<\/b>44 N. 45th Ave.<br \/>\nPhoenix, Arizona 85043\u00a0\n\n\t<p>&nbsp;<\/p>\n<b>Oficina General:<br \/>\n<\/b>773-523-4300\u00a0\n<b>Fax general:<br \/>\n<\/b>773-523-3290\u00a0","protected":false},"excerpt":{"rendered":"<p>WATERPROOFING WATERPROOFING (make a selection below to sort) O U R\u00a0 L O C A T I O N S Alsip Plant and Corporate Office: 12400 S. Laramie Ave Alsip, IL 60803\u00a0 \u00a0Chicago Plant: 3211 S. Wood St. Chicago, IL 60608\u00a0 &nbsp; Orlando Plant: 10101 General Dr. Orlando, FL 32824\u00a0 Phoenix Plant: 44 N. 45th&hellip;<\/p>","protected":false},"author":1,"featured_media":0,"parent":0,"menu_order":0,"comment_status":"closed","ping_status":"closed","template":"","meta":{"_acf_changed":false,"inline_featured_image":false,"footnotes":""},"class_list":["post-27","page","type-page","status-publish","hentry"],"acf":[],"_links":{"self":[{"href":"https:\/\/lucas.stephenbstarrdesign.info\/es\/wp-json\/wp\/v2\/pages\/27","targetHints":{"allow":["GET"]}}],"collection":[{"href":"https:\/\/lucas.stephenbstarrdesign.info\/es\/wp-json\/wp\/v2\/pages"}],"about":[{"href":"https:\/\/lucas.stephenbstarrdesign.info\/es\/wp-json\/wp\/v2\/types\/page"}],"author":[{"embeddable":true,"href":"https:\/\/lucas.stephenbstarrdesign.info\/es\/wp-json\/wp\/v2\/users\/1"}],"replies":[{"embeddable":true,"href":"https:\/\/lucas.stephenbstarrdesign.info\/es\/wp-json\/wp\/v2\/comments?post=27"}],"version-history":[{"count":7,"href":"https:\/\/lucas.stephenbstarrdesign.info\/es\/wp-json\/wp\/v2\/pages\/27\/revisions"}],"predecessor-version":[{"id":1446,"href":"https:\/\/lucas.stephenbstarrdesign.info\/es\/wp-json\/wp\/v2\/pages\/27\/revisions\/1446"}],"wp:attachment":[{"href":"https:\/\/lucas.stephenbstarrdesign.info\/es\/wp-json\/wp\/v2\/media?parent=27"}],"curies":[{"name":"wp","href":"https:\/\/api.w.org\/{rel}","templated":true}]}}