{"id":6,"date":"2022-03-30T21:35:57","date_gmt":"2022-03-30T21:35:57","guid":{"rendered":"http:\/\/lucas.stephenbstarrdesign.info\/?page_id=6"},"modified":"2022-07-13T17:05:08","modified_gmt":"2022-07-13T17:05:08","slug":"home","status":"publish","type":"page","link":"https:\/\/lucas.stephenbstarrdesign.info\/es\/","title":{"rendered":"Hogar"},"content":{"rendered":"<img loading=\"lazy\" decoding=\"async\" src=\"https:\/\/lucas.stephenbstarrdesign.info\/wp-content\/uploads\/2022\/04\/lucas_logo_blue.png\" alt=\"Lucas Coatings, Sealants and Adhesives\" itemprop=\"image\" height=\"916\" width=\"3176\" title=\"lucas_logo_azul\" onerror=\"this.style.display='none'\"  \/>\n\t\t\n\t\t<p>Cuando el trabajo debe hacerse correctamente, los contratistas de todo el pa\u00eds conf\u00edan en los recubrimientos, selladores y adhesivos de Lucas por sus propiedades superiores a la intemperie y su garant\u00eda.<\/p>\n\t\t\t<a href=\"#products\" target=\"_self\" role=\"button\" rel=\"noopener\">\n\t\t\t<\/a>\n<h2>\n\t\tNuestros productos\n\t<\/h2>\n\t\t<h3>REVESTIMIENTOS<\/h3>\n\t\t<p>RM Lucas fabrica recubrimientos para techos, paredes, pavimentos y aplicaciones subterr\u00e1neas. Durante m\u00e1s de 100 a\u00f1os, hemos producido de todo, desde materiales asf\u00e1lticos hasta las f\u00f3rmulas reactivas y de curado por humedad modernas m\u00e1s avanzadas.<\/p>\n\t\t\t<a href=\"https:\/\/lucas.stephenbstarrdesign.info\/es\/coatings\/\" target=\"_self\" role=\"button\" rel=\"noopener\">\n\t\t\t\t\t\t\tVER NUESTROS REVESTIMIENTOS\n\t\t\t<\/a>\n\t\t<h3>MASILLAS<\/h3>\n\t\t<p>\u00a0RM Lucas ofrece una variedad de selladores comerciales de curado por humedad a la vanguardia de la tecnolog\u00eda de selladores de uretano. Con la capacidad de adherirse a superficies h\u00famedas o bajo el agua y una alta capacidad de movimiento, los selladores de curado por humedad de Lucas se pueden aplicar en casi cualquier superficie.\u00a0<\/p>\n\t\t\t<a href=\"https:\/\/lucas.stephenbstarrdesign.info\/es\/caulks\/\" target=\"_self\" role=\"button\" rel=\"noopener\">\n\t\t\t\t\t\t\tVEA NUESTROS MASILLAS\n\t\t\t<\/a>\n\t\t<h3>IMPERMEABILIZACI\u00d3N<\/h3>\n\t\t<p>\u00a0RM Lucas suministra una variedad de productos impermeabilizantes y antihumedad. Desde recortes y emulsiones de asfalto hasta impermeabilizantes aplicados con fluidos elastom\u00e9ricos y membranas y selladores de juntas avanzados de curado por humedad.\u00a0<\/p>\n\t\t\t<a href=\"https:\/\/lucas.stephenbstarrdesign.info\/es\/waterproofing\/\" target=\"_self\" role=\"button\" rel=\"noopener\">\n\t\t\t\t\t\t\tVER NUESTROS IMPERMEABILIZANTES\n\t\t\t<\/a>\n<h2>\n\t\t\u00bfPreguntas? \u00a1Contacta con Lucas ahora!\n\t<\/h2>\n\t<p><strong>NUESTRAS UBICACIONES<\/strong><\/p>\n<b>Planta Alsip y Oficina Corporativa:<br \/>\n<\/b>12400 S. Laramie Ave<br \/>\nAlsip, IL 60803\u00a0\n<b>\u00a0<\/b><b>Planta de Chicago:<br \/>\n<\/b>3211 S. Madera St.<br \/>\nChicago, IL 60608\u00a0\n\t<p>&nbsp;<\/p>\n<b>Planta Orlando:<br \/>\n<\/b>10101 general dr.<br \/>\nOrlando, FL 32824\u00a0\n<b>Planta F\u00e9nix:<br \/>\n<\/b>44 N. 45th Ave.<br \/>\nPhoenix, Arizona 85043\u00a0\n\n\t<p>&nbsp;<\/p>\n<b>Oficina General:<br \/>\n<\/b>773-523-4300\u00a0\n<b>Fax general:<br \/>\n<\/b>773-523-3290\u00a0","protected":false},"excerpt":{"rendered":"<p>Cuando el trabajo debe hacerse correctamente, los contratistas de todo el pa\u00eds conf\u00edan en los revestimientos, selladores y adhesivos de Lucas por sus propiedades superiores contra la intemperie y su garant\u00eda. Nuestros Productos RECUBRIMIENTOS RM Lucas fabrica recubrimientos para techos, paredes, pavimento y aplicaciones subterr\u00e1neas. Durante m\u00e1s de 100 a\u00f1os, hemos producido de todo, desde materiales asf\u00e1lticos hasta los m\u00e1s...<\/p>","protected":false},"author":1,"featured_media":0,"parent":0,"menu_order":0,"comment_status":"closed","ping_status":"closed","template":"","meta":{"_acf_changed":false,"inline_featured_image":false,"footnotes":""},"class_list":["post-6","page","type-page","status-publish","hentry"],"acf":[],"_links":{"self":[{"href":"https:\/\/lucas.stephenbstarrdesign.info\/es\/wp-json\/wp\/v2\/pages\/6","targetHints":{"allow":["GET"]}}],"collection":[{"href":"https:\/\/lucas.stephenbstarrdesign.info\/es\/wp-json\/wp\/v2\/pages"}],"about":[{"href":"https:\/\/lucas.stephenbstarrdesign.info\/es\/wp-json\/wp\/v2\/types\/page"}],"author":[{"embeddable":true,"href":"https:\/\/lucas.stephenbstarrdesign.info\/es\/wp-json\/wp\/v2\/users\/1"}],"replies":[{"embeddable":true,"href":"https:\/\/lucas.stephenbstarrdesign.info\/es\/wp-json\/wp\/v2\/comments?post=6"}],"version-history":[{"count":17,"href":"https:\/\/lucas.stephenbstarrdesign.info\/es\/wp-json\/wp\/v2\/pages\/6\/revisions"}],"predecessor-version":[{"id":103,"href":"https:\/\/lucas.stephenbstarrdesign.info\/es\/wp-json\/wp\/v2\/pages\/6\/revisions\/103"}],"wp:attachment":[{"href":"https:\/\/lucas.stephenbstarrdesign.info\/es\/wp-json\/wp\/v2\/media?parent=6"}],"curies":[{"name":"wp","href":"https:\/\/api.w.org\/{rel}","templated":true}]}}