{"id":9,"date":"2022-03-30T21:36:15","date_gmt":"2022-03-30T21:36:15","guid":{"rendered":"http:\/\/lucas.stephenbstarrdesign.info\/?page_id=9"},"modified":"2022-11-01T17:26:26","modified_gmt":"2022-11-01T17:26:26","slug":"products","status":"publish","type":"page","link":"https:\/\/lucas.stephenbstarrdesign.info\/es\/products\/","title":{"rendered":"Productos"},"content":{"rendered":"<h2>\n\t\tPRODUCTOS\n\t<\/h2>\n\t<h3>Bien hecho<\/h3>\n<p><img loading=\"lazy\" decoding=\"async\" src=\"https:\/\/lucas.stephenbstarrdesign.info\/wp-content\/uploads\/2022\/11\/8000_job_site-300x225.jpg\" alt=\"\" width=\"300\" height=\"225\" \/>Contractors across the country rely on Lucas brand coatings, sealants, and adhesives for their superior weathering properties and vertatility. Lucas Co is committed to providing professional contractors with products that allow them to do the highest quality work in a timley manor. Lucas&#8230; Done Right!<\/p>\n<h3>Recubrimientos<\/h3>\n<p>RM Lucas fabrica recubrimientos para techos, paredes, pavimentos y aplicaciones subterr\u00e1neas. Durante m\u00e1s de 100 a\u00f1os, hemos producido de todo, desde materiales asf\u00e1lticos hasta las f\u00f3rmulas reactivas y de curado por humedad modernas m\u00e1s avanzadas. Lucas proporciona soluciones desde la impermeabilizaci\u00f3n hasta la mejora de la eficiencia energ\u00e9tica para todo tipo de construcciones.<\/p>\n<h3>Impermeabilizaci\u00f3n<\/h3>\n<p>RM Lucas suministra una variedad de productos impermeabilizantes y antihumedad, desde recortes de asfalto y emulsiones hasta impermeabilizantes elastom\u00e9ricos aplicados con fluidos y membranas avanzadas de curado por humedad y selladores de juntas.<\/p>\n<h3>Masillas y Selladores<\/h3>\n<p><img loading=\"lazy\" decoding=\"async\" src=\"https:\/\/lucas.stephenbstarrdesign.info\/wp-content\/uploads\/2022\/11\/IMG_2568-2-225x300.jpg\" alt=\"\" width=\"225\" height=\"300\" \/>RM Lucas ofrece una variedad de selladores comerciales de curado por humedad a la vanguardia de la tecnolog\u00eda de selladores de uretano (#9600). Con la capacidad de adherirse a superficies h\u00famedas o bajo el agua y una alta capacidad de movimiento, los selladores de curado por humedad de Lucas se pueden aplicar en casi cualquier superficie.<\/p>\n<p>Tambi\u00e9n contamos con una l\u00ednea de selladores residenciales a base de solventes que ofrecen una excelente adhesi\u00f3n a la mayor\u00eda de las superficies, como madera, vidrio, concreto y canaletas. Esta l\u00ednea incluye selladores de canalones hechos de caucho (#5600), elast\u00f3meros termopl\u00e1sticos (#6600) o terpol\u00edmero (#6700).<\/p>\n<h4>Vea nuestros productos por categor\u00eda utilizando los elementos del men\u00fa que se muestran.<\/h4>\n\t<p><strong>NUESTRAS UBICACIONES<\/strong><\/p>\n<b>Planta Alsip y Oficina Corporativa:<br \/>\n<\/b>12400 S. Laramie Ave<br \/>\nAlsip, IL 60803\u00a0\n<b>\u00a0<\/b><b>Planta de Chicago:<br \/>\n<\/b>3211 S. Madera St.<br \/>\nChicago, IL 60608\u00a0\n\t<p>&nbsp;<\/p>\n<b>Planta Orlando:<br \/>\n<\/b>10101 general dr.<br \/>\nOrlando, FL 32824\u00a0\n<b>Planta F\u00e9nix:<br \/>\n<\/b>44 N. 45th Ave.<br \/>\nPhoenix, Arizona 85043\u00a0\n\n\t<p>&nbsp;<\/p>\n<b>Oficina General:<br \/>\n<\/b>773-523-4300\u00a0\n<b>Fax general:<br \/>\n<\/b>773-523-3290\u00a0","protected":false},"excerpt":{"rendered":"<p>PRODUCTS Done Right Contractors across the country rely on Lucas brand coatings, sealants, and adhesives for their superior weathering properties and vertatility. Lucas Co is committed to providing professional contractors with products that allow them to do the highest quality work in a timley manor. Lucas&#8230; Done Right! Coatings R.M. Lucas manufactures coatings for roofs,&hellip;<\/p>","protected":false},"author":1,"featured_media":0,"parent":0,"menu_order":0,"comment_status":"closed","ping_status":"closed","template":"","meta":{"_acf_changed":false,"inline_featured_image":false,"footnotes":""},"class_list":["post-9","page","type-page","status-publish","hentry"],"acf":[],"_links":{"self":[{"href":"https:\/\/lucas.stephenbstarrdesign.info\/es\/wp-json\/wp\/v2\/pages\/9","targetHints":{"allow":["GET"]}}],"collection":[{"href":"https:\/\/lucas.stephenbstarrdesign.info\/es\/wp-json\/wp\/v2\/pages"}],"about":[{"href":"https:\/\/lucas.stephenbstarrdesign.info\/es\/wp-json\/wp\/v2\/types\/page"}],"author":[{"embeddable":true,"href":"https:\/\/lucas.stephenbstarrdesign.info\/es\/wp-json\/wp\/v2\/users\/1"}],"replies":[{"embeddable":true,"href":"https:\/\/lucas.stephenbstarrdesign.info\/es\/wp-json\/wp\/v2\/comments?post=9"}],"version-history":[{"count":6,"href":"https:\/\/lucas.stephenbstarrdesign.info\/es\/wp-json\/wp\/v2\/pages\/9\/revisions"}],"predecessor-version":[{"id":1293,"href":"https:\/\/lucas.stephenbstarrdesign.info\/es\/wp-json\/wp\/v2\/pages\/9\/revisions\/1293"}],"wp:attachment":[{"href":"https:\/\/lucas.stephenbstarrdesign.info\/es\/wp-json\/wp\/v2\/media?parent=9"}],"curies":[{"name":"wp","href":"https:\/\/api.w.org\/{rel}","templated":true}]}}